{"id":2925,"date":"2016-04-26T10:39:50","date_gmt":"2016-04-26T08:39:50","guid":{"rendered":"https:\/\/panat-laptool.de\/staging\/?post_type=product&#038;p=2925"},"modified":"2024-12-02T09:34:40","modified_gmt":"2024-12-02T08:34:40","slug":"grundplatte-gp1","status":"publish","type":"product","link":"https:\/\/panat-laptool.de\/staging\/shop\/grundplatte-gp1\/","title":{"rendered":"Grundplatte"},"content":{"rendered":"<p><span style=\"color: #d20a11;\">Basistool mit vielen M\u00f6glichkeiten <\/span><br \/>\nDie Grundplatte ist die Basis\u00a0f\u00fcr alle Teile. Als Scho\u00dfplatte\u00a0konzipiert kann sie im Sitzen, aber auch am Tisch oder auf dem Boden verwendet werden. Im Buch finden Sie auch reichlich Trainingsm\u00f6glichkeiten mit der Grundplatte ohne Tools. Das Fixationsband zur Befestigung auf dem Scho\u00df geh\u00f6rt zum Lieferumfang.<\/p>\n<p><span style=\"color: #d20a11;\">dazu passt:<\/span><br \/>\nAlle anderen Laptools<\/p>\n","protected":false},"excerpt":{"rendered":"<p>Basistool mit vielen M\u00f6glichkeiten Die Grundplatte ist die Basis\u00a0f\u00fcr alle Teile. Als Scho\u00dfplatte\u00a0konzipiert kann sie im Sitzen, aber auch am Tisch oder auf dem Boden verwendet werden. Im Buch finden Sie auch reichlich Trainingsm\u00f6glichkeiten mit der Grundplatte ohne Tools. Das Fixationsband zur Befestigung auf dem Scho\u00df geh\u00f6rt zum Lieferumfang. dazu passt: Alle anderen Laptools<\/p>\n","protected":false},"featured_media":5054,"template":"","meta":{"_acf_changed":false},"product_brand":[],"product_cat":[78],"product_tag":[],"class_list":{"0":"post-2925","1":"product","2":"type-product","3":"status-publish","4":"has-post-thumbnail","6":"product_cat-alle-tools","7":"product_shipping_class-versandklasse-2","9":"first","10":"instock","11":"taxable","12":"shipping-taxable","13":"purchasable","14":"product-type-simple"},"acf":[],"_links":{"self":[{"href":"https:\/\/panat-laptool.de\/staging\/wp-json\/wp\/v2\/product\/2925","targetHints":{"allow":["GET"]}}],"collection":[{"href":"https:\/\/panat-laptool.de\/staging\/wp-json\/wp\/v2\/product"}],"about":[{"href":"https:\/\/panat-laptool.de\/staging\/wp-json\/wp\/v2\/types\/product"}],"version-history":[{"count":0,"href":"https:\/\/panat-laptool.de\/staging\/wp-json\/wp\/v2\/product\/2925\/revisions"}],"wp:featuredmedia":[{"embeddable":true,"href":"https:\/\/panat-laptool.de\/staging\/wp-json\/wp\/v2\/media\/5054"}],"wp:attachment":[{"href":"https:\/\/panat-laptool.de\/staging\/wp-json\/wp\/v2\/media?parent=2925"}],"wp:term":[{"taxonomy":"product_brand","embeddable":true,"href":"https:\/\/panat-laptool.de\/staging\/wp-json\/wp\/v2\/product_brand?post=2925"},{"taxonomy":"product_cat","embeddable":true,"href":"https:\/\/panat-laptool.de\/staging\/wp-json\/wp\/v2\/product_cat?post=2925"},{"taxonomy":"product_tag","embeddable":true,"href":"https:\/\/panat-laptool.de\/staging\/wp-json\/wp\/v2\/product_tag?post=2925"}],"curies":[{"name":"wp","href":"https:\/\/api.w.org\/{rel}","templated":true}]}}