{"id":3793,"date":"2018-12-05T11:04:24","date_gmt":"2018-12-05T10:04:24","guid":{"rendered":"https:\/\/panat-laptool.de\/staging\/?post_type=product&#038;p=3793"},"modified":"2022-03-24T13:06:02","modified_gmt":"2022-03-24T12:06:02","slug":"einhandfaustschlussstab-fs2","status":"publish","type":"product","link":"https:\/\/panat-laptool.de\/staging\/shop\/einhandfaustschlussstab-fs2\/","title":{"rendered":"Einhandfaustschlussstab"},"content":{"rendered":"<p><span style=\"color: #d20a11;\">Leichteres Arbeiten im ergonomischen Winkel<\/span><br \/>\nAls Erg\u00e4nzung zu den Verl\u00e4ngerungsst\u00e4ben und den Gelenken gibt es nun auch den unilateralen Griff mit ergonomischem Winkel zum leichteren Arbeiten. Er dient der St\u00e4rkung des Faustschlusses und der Griffkraft in unterschiedlichen H\u00f6hen.<\/p>\n<p><span style=\"color: #d20a11;\">dazu passt:<\/span><br \/>\nGrundplatte, St\u00e4be, T-Stab, Faustgriffstempel, Stabverl\u00e4ngerung, Gelenk 1, Gelenk 2<\/p>\n","protected":false},"excerpt":{"rendered":"<p>Leichteres Arbeiten im ergonomischen Winkel Als Erg\u00e4nzung zu den Verl\u00e4ngerungsst\u00e4ben und den Gelenken gibt es nun auch den unilateralen Griff mit ergonomischem Winkel zum leichteren Arbeiten. Er dient der St\u00e4rkung des Faustschlusses und der Griffkraft in unterschiedlichen H\u00f6hen. dazu passt: Grundplatte, St\u00e4be, T-Stab, Faustgriffstempel, Stabverl\u00e4ngerung, Gelenk 1, Gelenk 2<\/p>\n","protected":false},"featured_media":5109,"template":"","meta":{"_acf_changed":false},"product_brand":[],"product_cat":[78],"product_tag":[],"class_list":{"0":"post-3793","1":"product","2":"type-product","3":"status-publish","4":"has-post-thumbnail","6":"product_cat-alle-tools","7":"product_shipping_class-versandklasse-1","9":"first","10":"instock","11":"taxable","12":"shipping-taxable","13":"purchasable","14":"product-type-simple"},"acf":[],"_links":{"self":[{"href":"https:\/\/panat-laptool.de\/staging\/wp-json\/wp\/v2\/product\/3793","targetHints":{"allow":["GET"]}}],"collection":[{"href":"https:\/\/panat-laptool.de\/staging\/wp-json\/wp\/v2\/product"}],"about":[{"href":"https:\/\/panat-laptool.de\/staging\/wp-json\/wp\/v2\/types\/product"}],"version-history":[{"count":0,"href":"https:\/\/panat-laptool.de\/staging\/wp-json\/wp\/v2\/product\/3793\/revisions"}],"wp:featuredmedia":[{"embeddable":true,"href":"https:\/\/panat-laptool.de\/staging\/wp-json\/wp\/v2\/media\/5109"}],"wp:attachment":[{"href":"https:\/\/panat-laptool.de\/staging\/wp-json\/wp\/v2\/media?parent=3793"}],"wp:term":[{"taxonomy":"product_brand","embeddable":true,"href":"https:\/\/panat-laptool.de\/staging\/wp-json\/wp\/v2\/product_brand?post=3793"},{"taxonomy":"product_cat","embeddable":true,"href":"https:\/\/panat-laptool.de\/staging\/wp-json\/wp\/v2\/product_cat?post=3793"},{"taxonomy":"product_tag","embeddable":true,"href":"https:\/\/panat-laptool.de\/staging\/wp-json\/wp\/v2\/product_tag?post=3793"}],"curies":[{"name":"wp","href":"https:\/\/api.w.org\/{rel}","templated":true}]}}